{"id":1285,"date":"2022-04-19T16:25:03","date_gmt":"2022-04-19T14:25:03","guid":{"rendered":"https:\/\/www.chardonslorrains.com\/fr\/?post_type=product&#038;p=1285"},"modified":"2026-03-24T12:13:38","modified_gmt":"2026-03-24T11:13:38","slug":"coffret-joyeux-anniversaire-de-chardons-lorrains-16-chardons-165g","status":"publish","type":"product","link":"https:\/\/www.chardonslorrains.com\/fr\/produit\/coffret-joyeux-anniversaire-de-chardons-lorrains-16-chardons-165g\/","title":{"rendered":"Coffret Joyeux Anniversaire de chardons lorrains (16 chardons &#8211; 165g)"},"content":{"rendered":"<h2>Coffret Joyeux Anniversaire avec un assortiment de 16 chardons lorrains<\/h2>\n<p>Retrouvez dans le <strong>coffret \u00ab\u00a0Joyeux Anniversaire\u00a0\u00bb<\/strong> un m\u00e9lange de 16 d\u00e9licieux chardons lorrains. C\u00e9l\u00e9brez l&rsquo;anniversaire de vos proches avec ce beau cadeau original et gourmand. Cette belle bo\u00eete contient un m\u00e9lange de chardons lorrains. Le coffret est une pr\u00e9sentation originale pour d\u00e9couvrir les diff\u00e9rentes saveurs des c\u00e9l\u00e8bres gourmandises.<\/p>\n<p>Que ce soit pour un homme ou une femme, son papa, son grand-p\u00e8re ou pour un ami ou une amie, le coffret \u00ab\u00a0Joyeux Anniversaire\u00a0\u00bb de chardons lorrains surprendra vos proches !<\/p>\n<p>Les chardons lorrains sont des bonbons de chocolat blanc. Ils sont confectionn\u00e9s par notre chocolatier fabricant avec du pur beurre de cacao. Ils contiennent en fonction de leur couleur un alcool diff\u00e9rent. Les liqueurs s\u00e9lectionn\u00e9es sont hautement parfum\u00e9es afin d&rsquo;offrir la meilleur exp\u00e9rience gustative.<\/p>\n<p>Pour un aspect plus \u00ab\u00a0attractif\u00a0\u00bb des chardons lorrains, les piquants sont fa\u00e7onn\u00e9s \u00e0 la main*.<\/p>\n<p>Le coffret contient un assortiment de 16 chardons lorrains avec le m\u00e9lange de parfums suivants:<\/p>\n<ul>\n<li>A la mirabelle de Lorraine, reconnaissable par sa couleur jaune<\/li>\n<li>Au kirsch (cerise) \u00e0 la couleur blanche<\/li>\n<li>A la framboise, distinguable par sa couleur rose<\/li>\n<li>Avec de la chartreuse, typiquement de couleur verte<\/li>\n<li>Au cointreau, avec une couleur orange<\/li>\n<li>Avec du cognac, avec une couleur orange plus claire<\/li>\n<li>Au marc de champagne, de couleur bleue<\/li>\n<li>A la myrtille, que l&rsquo;on peut reconna\u00eetre facilement par sa couleur violette<\/li>\n<\/ul>\n<h2>Plus d&rsquo;informations<\/h2>\n<h3>Livraison<\/h3>\n<p>Chardonslorrains.com livre en France m\u00e9tropolitaine et dans le monde entier. Pour la France m\u00e9tropolitaine, recevez votre coffre de 21 chardons lorrains avec suivi en 2 \u00e0 3 jours ouvrables avec le service de livraison Colissimo de La Poste. Comptez \u00e9galement un jour ouvr\u00e9 pour le traitement de votre commande. Veuillez nous contacter pour un envoi plus rapide ou particulier de votre commande. Il est \u00e9galement possible d&rsquo;exp\u00e9dier votre commande avec Chronopost pour un envoi en point relais ou un envoi en express.<\/p>\n<h3>Ingr\u00e9dients<\/h3>\n<p>Sucre, eau-de-vie de mirabelle 14% (pour le chardon mirabelle), eau-de-vie de framboise 14% (pour le chardon framboise), cognac 14% (pour le chardon cognac), marc de champagne 14% (pour le chardon marc de champagne), kirsch 14% (pour le chardon kirsch), chartreuse 14% (pour le chardon chartreuse), cointreau 14% (pour le chardon au cointreau), cognac 14% (pour le chardon au cognac), eau-de-vie de myrtille 14% (pour le chardon \u00e0 la myrtille), beurre de cacao, poudre de lait entier, p\u00e2te de cacao, sirop de glucose, \u00e9mulsifiant : l\u00e9cithine de soja, ar\u00f4me naturel de vanille, colorants : E100, E133, E132, E120, E160c, E110, E102<\/p>\n<p>Le chocolat, l&rsquo;alcool et les colorants E110 et E102 peuvent avoir des effets ind\u00e9sirables sur l\u2019activit\u00e9 et l\u2019attention chez les enfants. Merci de laisser les chocolats du petit coffret de chardons lorrains hors de port\u00e9e des enfants pour \u00e9viter leur consommation.<\/p>\n<p><strong>Poids net : <\/strong>165g (poids minimum garanti)<strong><br \/>\n<\/strong><strong>Conservation :<\/strong> Dans un endroit sec, \u00e0 l&rsquo;abri de la lumi\u00e8re et de la chaleur.<br \/>\n<strong>DDM :<\/strong>\u00a0 voir sur le contenant<br \/>\n<strong>Dimensions de la bo\u00eete :<\/strong> 14 x 14 cm<\/p>\n<h3>Valeurs nutritives pour 100g<\/h3>\n<ul>\n<li>\u00c9nergie : 451,4 kcal\/1890 kJ<\/li>\n<li>Mati\u00e8re Grasse : 20,9g (dont acides gras satur\u00e9s 10,7g)<\/li>\n<li>Glucides : 61,5g (dont sucres 56g)<\/li>\n<li>Prot\u00e9ines : 3,4g<\/li>\n<li>Sel : 0g.<\/li>\n<\/ul>\n<p><em>*Malgr\u00e9 toute l\u2019attention port\u00e9e \u00e0 la pr\u00e9paration de votre commande, il est possible que certains petits fragments des piquants se d\u00e9tachent pendant le transport. Ceux-ci sont parfaitement comestibles.<\/em><\/p>\n<p>Prix au kilo : 78\u20ac<\/p>\n","protected":false},"excerpt":{"rendered":"<p><strong>Coffret Joyeux Anniversaire<\/strong> contenant 16 chardons lorrains \u00e0 la liqueur. Un m\u00e9lange de chocolats fourr\u00e9s avec de la liqueur \u00e0 offrir \u00e0 l&rsquo;occasion de l&rsquo;anniversaire de l&rsquo;un de vos proches. Ce beau coffret est d\u00e9cor\u00e9 de motifs en forme de cadeaux. Le coffret \u00ab\u00a0Joyeux Anniversaire\u00a0\u00bb s\u00e9duira tous les gourmands. Partagez cette sp\u00e9cialit\u00e9 lorraine appr\u00e9ci\u00e9e par de nombreux amateurs.<\/p>\n<p>D\u00e9gustez une enveloppe de chocolat fondante avec de fins piquants, puis une liqueur hautement parfum\u00e9e (Mirabelle, Kirsch, Framboise, Chartreuse, Cointreau, Marc de Champagne, Cognac, Myrtille) dans une fine couche de sucre cristallis\u00e9e.<\/p>\n<ul>\n<li>Coffret comprenant un m\u00e9lange de 16 chardons lorrains<\/li>\n<li>Belle bo\u00eete avec des motifs en forme de cadeaux<\/li>\n<li>Inscription \u00ab\u00a0Joyeux Anniversaire\u00a0\u00bb<\/li>\n<\/ul>\n","protected":false},"featured_media":1287,"comment_status":"open","ping_status":"closed","template":"","meta":{"site-sidebar-layout":"default","site-content-layout":"default","ast-site-content-layout":"default","site-content-style":"default","site-sidebar-style":"default","ast-global-header-display":"","ast-banner-title-visibility":"","ast-main-header-display":"","ast-hfb-above-header-display":"","ast-hfb-below-header-display":"","ast-hfb-mobile-header-display":"","site-post-title":"","ast-breadcrumbs-content":"","ast-featured-img":"","footer-sml-layout":"","theme-transparent-header-meta":"default","adv-header-id-meta":"","stick-header-meta":"","header-above-stick-meta":"","header-main-stick-meta":"","header-below-stick-meta":"","astra-migrate-meta-layouts":"set","ast-page-background-enabled":"default","ast-page-background-meta":{"desktop":{"background-color":"","background-image":"","background-repeat":"repeat","background-position":"center center","background-size":"auto","background-attachment":"scroll","background-type":"","background-media":"","overlay-type":"","overlay-color":"","overlay-opacity":"","overlay-gradient":""},"tablet":{"background-color":"","background-image":"","background-repeat":"repeat","background-position":"center center","background-size":"auto","background-attachment":"scroll","background-type":"","background-media":"","overlay-type":"","overlay-color":"","overlay-opacity":"","overlay-gradient":""},"mobile":{"background-color":"","background-image":"","background-repeat":"repeat","background-position":"center center","background-size":"auto","background-attachment":"scroll","background-type":"","background-media":"","overlay-type":"","overlay-color":"","overlay-opacity":"","overlay-gradient":""}},"ast-content-background-meta":{"desktop":{"background-color":"var(--ast-global-color-5)","background-image":"","background-repeat":"repeat","background-position":"center center","background-size":"auto","background-attachment":"scroll","background-type":"","background-media":"","overlay-type":"","overlay-color":"","overlay-opacity":"","overlay-gradient":""},"tablet":{"background-color":"var(--ast-global-color-5)","background-image":"","background-repeat":"repeat","background-position":"center center","background-size":"auto","background-attachment":"scroll","background-type":"","background-media":"","overlay-type":"","overlay-color":"","overlay-opacity":"","overlay-gradient":""},"mobile":{"background-color":"var(--ast-global-color-5)","background-image":"","background-repeat":"repeat","background-position":"center center","background-size":"auto","background-attachment":"scroll","background-type":"","background-media":"","overlay-type":"","overlay-color":"","overlay-opacity":"","overlay-gradient":""}}},"product_brand":[],"product_cat":[15],"product_tag":[30,29,17,28],"class_list":{"0":"post-1285","1":"product","2":"type-product","3":"status-publish","4":"has-post-thumbnail","6":"product_cat-coffrets","7":"product_tag-anniversaire","8":"product_tag-cadeau","9":"product_tag-coffret","10":"product_tag-joyeux-anniversaire","11":"desktop-align-left","12":"tablet-align-left","13":"mobile-align-left","15":"first","16":"instock","17":"taxable","18":"shipping-taxable","19":"purchasable","20":"product-type-simple"},"wcpa_form_fields":null,"yoast_head":"<!-- This site is optimized with the Yoast SEO plugin v26.2 - https:\/\/yoast.com\/wordpress\/plugins\/seo\/ -->\n<title>Coffret Joyeux Anniversaire de chardons lorrains (16 chardons - 165g) - Chardons Lorrains FR<\/title>\n<meta name=\"description\" content=\"Coffret Joyeux Anniversaire de 16 chardons lorrains contenant le chocolat alcoolis\u00e9 typique de Lorraine. Un cadeau original et gourmand.\" \/>\n<meta name=\"robots\" content=\"index, follow, max-snippet:-1, max-image-preview:large, max-video-preview:-1\" \/>\n<link rel=\"canonical\" href=\"https:\/\/www.chardonslorrains.com\/fr\/produit\/coffret-joyeux-anniversaire-de-chardons-lorrains-16-chardons-165g\/\" \/>\n<meta property=\"og:locale\" content=\"fr_FR\" \/>\n<meta property=\"og:type\" content=\"article\" \/>\n<meta property=\"og:title\" content=\"Coffret Joyeux Anniversaire de chardons lorrains (16 chardons - 165g) - Chardons Lorrains FR\" \/>\n<meta property=\"og:description\" content=\"Coffret Joyeux Anniversaire de 16 chardons lorrains contenant le chocolat alcoolis\u00e9 typique de Lorraine. Un cadeau original et gourmand.\" \/>\n<meta property=\"og:url\" content=\"https:\/\/www.chardonslorrains.com\/fr\/produit\/coffret-joyeux-anniversaire-de-chardons-lorrains-16-chardons-165g\/\" \/>\n<meta property=\"og:site_name\" content=\"Chardons Lorrains FR\" \/>\n<meta property=\"article:modified_time\" content=\"2026-03-24T11:13:38+00:00\" \/>\n<meta property=\"og:image\" content=\"https:\/\/www.chardonslorrains.com\/medias\/sites\/2\/coffret-joyeux-anniversaire_charon-lorrain-16.jpg\" \/>\n\t<meta property=\"og:image:width\" content=\"800\" \/>\n\t<meta property=\"og:image:height\" content=\"800\" \/>\n\t<meta property=\"og:image:type\" content=\"image\/jpeg\" \/>\n<meta name=\"twitter:card\" content=\"summary_large_image\" \/>\n<meta name=\"twitter:label1\" content=\"Dur\u00e9e de lecture estim\u00e9e\" \/>\n\t<meta name=\"twitter:data1\" content=\"3 minutes\" \/>\n<script type=\"application\/ld+json\" class=\"yoast-schema-graph\">{\"@context\":\"https:\/\/schema.org\",\"@graph\":[{\"@type\":\"WebPage\",\"@id\":\"https:\/\/www.chardonslorrains.com\/fr\/produit\/coffret-joyeux-anniversaire-de-chardons-lorrains-16-chardons-165g\/\",\"url\":\"https:\/\/www.chardonslorrains.com\/fr\/produit\/coffret-joyeux-anniversaire-de-chardons-lorrains-16-chardons-165g\/\",\"name\":\"Coffret Joyeux Anniversaire de chardons lorrains (16 chardons - 165g) - Chardons Lorrains FR\",\"isPartOf\":{\"@id\":\"https:\/\/www.chardonslorrains.com\/fr\/#website\"},\"primaryImageOfPage\":{\"@id\":\"https:\/\/www.chardonslorrains.com\/fr\/produit\/coffret-joyeux-anniversaire-de-chardons-lorrains-16-chardons-165g\/#primaryimage\"},\"image\":{\"@id\":\"https:\/\/www.chardonslorrains.com\/fr\/produit\/coffret-joyeux-anniversaire-de-chardons-lorrains-16-chardons-165g\/#primaryimage\"},\"thumbnailUrl\":\"https:\/\/www.chardonslorrains.com\/medias\/sites\/2\/coffret-joyeux-anniversaire_charon-lorrain-16.jpg\",\"datePublished\":\"2022-04-19T14:25:03+00:00\",\"dateModified\":\"2026-03-24T11:13:38+00:00\",\"description\":\"Coffret Joyeux Anniversaire de 16 chardons lorrains contenant le chocolat alcoolis\u00e9 typique de Lorraine. Un cadeau original et gourmand.\",\"breadcrumb\":{\"@id\":\"https:\/\/www.chardonslorrains.com\/fr\/produit\/coffret-joyeux-anniversaire-de-chardons-lorrains-16-chardons-165g\/#breadcrumb\"},\"inLanguage\":\"fr-FR\",\"potentialAction\":[{\"@type\":\"ReadAction\",\"target\":[\"https:\/\/www.chardonslorrains.com\/fr\/produit\/coffret-joyeux-anniversaire-de-chardons-lorrains-16-chardons-165g\/\"]}]},{\"@type\":\"ImageObject\",\"inLanguage\":\"fr-FR\",\"@id\":\"https:\/\/www.chardonslorrains.com\/fr\/produit\/coffret-joyeux-anniversaire-de-chardons-lorrains-16-chardons-165g\/#primaryimage\",\"url\":\"https:\/\/www.chardonslorrains.com\/medias\/sites\/2\/coffret-joyeux-anniversaire_charon-lorrain-16.jpg\",\"contentUrl\":\"https:\/\/www.chardonslorrains.com\/medias\/sites\/2\/coffret-joyeux-anniversaire_charon-lorrain-16.jpg\",\"width\":800,\"height\":800,\"caption\":\"coffret joyeux anniversaire 16 chardons\"},{\"@type\":\"BreadcrumbList\",\"@id\":\"https:\/\/www.chardonslorrains.com\/fr\/produit\/coffret-joyeux-anniversaire-de-chardons-lorrains-16-chardons-165g\/#breadcrumb\",\"itemListElement\":[{\"@type\":\"ListItem\",\"position\":1,\"name\":\"Accueil\",\"item\":\"https:\/\/www.chardonslorrains.com\/fr\/\"},{\"@type\":\"ListItem\",\"position\":2,\"name\":\"Boutique\",\"item\":\"https:\/\/www.chardonslorrains.com\/fr\/boutique-chardons-lorrains\/\"},{\"@type\":\"ListItem\",\"position\":3,\"name\":\"Coffret Joyeux Anniversaire de chardons lorrains (16 chardons &#8211; 165g)\"}]},{\"@type\":\"WebSite\",\"@id\":\"https:\/\/www.chardonslorrains.com\/fr\/#website\",\"url\":\"https:\/\/www.chardonslorrains.com\/fr\/\",\"name\":\"Chardons Lorrains FR\",\"description\":\"\",\"publisher\":{\"@id\":\"https:\/\/www.chardonslorrains.com\/fr\/#organization\"},\"potentialAction\":[{\"@type\":\"SearchAction\",\"target\":{\"@type\":\"EntryPoint\",\"urlTemplate\":\"https:\/\/www.chardonslorrains.com\/fr\/?s={search_term_string}\"},\"query-input\":{\"@type\":\"PropertyValueSpecification\",\"valueRequired\":true,\"valueName\":\"search_term_string\"}}],\"inLanguage\":\"fr-FR\"},{\"@type\":\"Organization\",\"@id\":\"https:\/\/www.chardonslorrains.com\/fr\/#organization\",\"name\":\"Chardons Lorrains FR\",\"url\":\"https:\/\/www.chardonslorrains.com\/fr\/\",\"logo\":{\"@type\":\"ImageObject\",\"inLanguage\":\"fr-FR\",\"@id\":\"https:\/\/www.chardonslorrains.com\/fr\/#\/schema\/logo\/image\/\",\"url\":\"https:\/\/www.chardonslorrains.com\/medias\/sites\/2\/cropped-chardonslorrains_logo_gout-anthentique.png\",\"contentUrl\":\"https:\/\/www.chardonslorrains.com\/medias\/sites\/2\/cropped-chardonslorrains_logo_gout-anthentique.png\",\"width\":2000,\"height\":280,\"caption\":\"Chardons Lorrains FR\"},\"image\":{\"@id\":\"https:\/\/www.chardonslorrains.com\/fr\/#\/schema\/logo\/image\/\"}}]}<\/script>\n<!-- \/ Yoast SEO plugin. -->","yoast_head_json":{"title":"Coffret Joyeux Anniversaire de chardons lorrains (16 chardons - 165g) - Chardons Lorrains FR","description":"Coffret Joyeux Anniversaire de 16 chardons lorrains contenant le chocolat alcoolis\u00e9 typique de Lorraine. Un cadeau original et gourmand.","robots":{"index":"index","follow":"follow","max-snippet":"max-snippet:-1","max-image-preview":"max-image-preview:large","max-video-preview":"max-video-preview:-1"},"canonical":"https:\/\/www.chardonslorrains.com\/fr\/produit\/coffret-joyeux-anniversaire-de-chardons-lorrains-16-chardons-165g\/","og_locale":"fr_FR","og_type":"article","og_title":"Coffret Joyeux Anniversaire de chardons lorrains (16 chardons - 165g) - Chardons Lorrains FR","og_description":"Coffret Joyeux Anniversaire de 16 chardons lorrains contenant le chocolat alcoolis\u00e9 typique de Lorraine. Un cadeau original et gourmand.","og_url":"https:\/\/www.chardonslorrains.com\/fr\/produit\/coffret-joyeux-anniversaire-de-chardons-lorrains-16-chardons-165g\/","og_site_name":"Chardons Lorrains FR","article_modified_time":"2026-03-24T11:13:38+00:00","og_image":[{"width":800,"height":800,"url":"https:\/\/www.chardonslorrains.com\/medias\/sites\/2\/coffret-joyeux-anniversaire_charon-lorrain-16.jpg","type":"image\/jpeg"}],"twitter_card":"summary_large_image","twitter_misc":{"Dur\u00e9e de lecture estim\u00e9e":"3 minutes"},"schema":{"@context":"https:\/\/schema.org","@graph":[{"@type":"WebPage","@id":"https:\/\/www.chardonslorrains.com\/fr\/produit\/coffret-joyeux-anniversaire-de-chardons-lorrains-16-chardons-165g\/","url":"https:\/\/www.chardonslorrains.com\/fr\/produit\/coffret-joyeux-anniversaire-de-chardons-lorrains-16-chardons-165g\/","name":"Coffret Joyeux Anniversaire de chardons lorrains (16 chardons - 165g) - Chardons Lorrains FR","isPartOf":{"@id":"https:\/\/www.chardonslorrains.com\/fr\/#website"},"primaryImageOfPage":{"@id":"https:\/\/www.chardonslorrains.com\/fr\/produit\/coffret-joyeux-anniversaire-de-chardons-lorrains-16-chardons-165g\/#primaryimage"},"image":{"@id":"https:\/\/www.chardonslorrains.com\/fr\/produit\/coffret-joyeux-anniversaire-de-chardons-lorrains-16-chardons-165g\/#primaryimage"},"thumbnailUrl":"https:\/\/www.chardonslorrains.com\/medias\/sites\/2\/coffret-joyeux-anniversaire_charon-lorrain-16.jpg","datePublished":"2022-04-19T14:25:03+00:00","dateModified":"2026-03-24T11:13:38+00:00","description":"Coffret Joyeux Anniversaire de 16 chardons lorrains contenant le chocolat alcoolis\u00e9 typique de Lorraine. Un cadeau original et gourmand.","breadcrumb":{"@id":"https:\/\/www.chardonslorrains.com\/fr\/produit\/coffret-joyeux-anniversaire-de-chardons-lorrains-16-chardons-165g\/#breadcrumb"},"inLanguage":"fr-FR","potentialAction":[{"@type":"ReadAction","target":["https:\/\/www.chardonslorrains.com\/fr\/produit\/coffret-joyeux-anniversaire-de-chardons-lorrains-16-chardons-165g\/"]}]},{"@type":"ImageObject","inLanguage":"fr-FR","@id":"https:\/\/www.chardonslorrains.com\/fr\/produit\/coffret-joyeux-anniversaire-de-chardons-lorrains-16-chardons-165g\/#primaryimage","url":"https:\/\/www.chardonslorrains.com\/medias\/sites\/2\/coffret-joyeux-anniversaire_charon-lorrain-16.jpg","contentUrl":"https:\/\/www.chardonslorrains.com\/medias\/sites\/2\/coffret-joyeux-anniversaire_charon-lorrain-16.jpg","width":800,"height":800,"caption":"coffret joyeux anniversaire 16 chardons"},{"@type":"BreadcrumbList","@id":"https:\/\/www.chardonslorrains.com\/fr\/produit\/coffret-joyeux-anniversaire-de-chardons-lorrains-16-chardons-165g\/#breadcrumb","itemListElement":[{"@type":"ListItem","position":1,"name":"Accueil","item":"https:\/\/www.chardonslorrains.com\/fr\/"},{"@type":"ListItem","position":2,"name":"Boutique","item":"https:\/\/www.chardonslorrains.com\/fr\/boutique-chardons-lorrains\/"},{"@type":"ListItem","position":3,"name":"Coffret Joyeux Anniversaire de chardons lorrains (16 chardons &#8211; 165g)"}]},{"@type":"WebSite","@id":"https:\/\/www.chardonslorrains.com\/fr\/#website","url":"https:\/\/www.chardonslorrains.com\/fr\/","name":"Chardons Lorrains FR","description":"","publisher":{"@id":"https:\/\/www.chardonslorrains.com\/fr\/#organization"},"potentialAction":[{"@type":"SearchAction","target":{"@type":"EntryPoint","urlTemplate":"https:\/\/www.chardonslorrains.com\/fr\/?s={search_term_string}"},"query-input":{"@type":"PropertyValueSpecification","valueRequired":true,"valueName":"search_term_string"}}],"inLanguage":"fr-FR"},{"@type":"Organization","@id":"https:\/\/www.chardonslorrains.com\/fr\/#organization","name":"Chardons Lorrains FR","url":"https:\/\/www.chardonslorrains.com\/fr\/","logo":{"@type":"ImageObject","inLanguage":"fr-FR","@id":"https:\/\/www.chardonslorrains.com\/fr\/#\/schema\/logo\/image\/","url":"https:\/\/www.chardonslorrains.com\/medias\/sites\/2\/cropped-chardonslorrains_logo_gout-anthentique.png","contentUrl":"https:\/\/www.chardonslorrains.com\/medias\/sites\/2\/cropped-chardonslorrains_logo_gout-anthentique.png","width":2000,"height":280,"caption":"Chardons Lorrains FR"},"image":{"@id":"https:\/\/www.chardonslorrains.com\/fr\/#\/schema\/logo\/image\/"}}]}},"_links":{"self":[{"href":"https:\/\/www.chardonslorrains.com\/fr\/wp-json\/wp\/v2\/product\/1285","targetHints":{"allow":["GET"]}}],"collection":[{"href":"https:\/\/www.chardonslorrains.com\/fr\/wp-json\/wp\/v2\/product"}],"about":[{"href":"https:\/\/www.chardonslorrains.com\/fr\/wp-json\/wp\/v2\/types\/product"}],"replies":[{"embeddable":true,"href":"https:\/\/www.chardonslorrains.com\/fr\/wp-json\/wp\/v2\/comments?post=1285"}],"wp:featuredmedia":[{"embeddable":true,"href":"https:\/\/www.chardonslorrains.com\/fr\/wp-json\/wp\/v2\/media\/1287"}],"wp:attachment":[{"href":"https:\/\/www.chardonslorrains.com\/fr\/wp-json\/wp\/v2\/media?parent=1285"}],"wp:term":[{"taxonomy":"product_brand","embeddable":true,"href":"https:\/\/www.chardonslorrains.com\/fr\/wp-json\/wp\/v2\/product_brand?post=1285"},{"taxonomy":"product_cat","embeddable":true,"href":"https:\/\/www.chardonslorrains.com\/fr\/wp-json\/wp\/v2\/product_cat?post=1285"},{"taxonomy":"product_tag","embeddable":true,"href":"https:\/\/www.chardonslorrains.com\/fr\/wp-json\/wp\/v2\/product_tag?post=1285"}],"curies":[{"name":"wp","href":"https:\/\/api.w.org\/{rel}","templated":true}]}}