{"id":636,"date":"2021-07-29T21:35:38","date_gmt":"2021-07-29T19:35:38","guid":{"rendered":"https:\/\/www.chardonslorrains.com\/fr\/?page_id=636"},"modified":"2022-02-24T20:28:25","modified_gmt":"2022-02-24T19:28:25","slug":"mentions-legales","status":"publish","type":"page","link":"https:\/\/www.chardonslorrains.com\/fr\/mentions-legales\/","title":{"rendered":"Mentions l\u00e9gales"},"content":{"rendered":"\t\t<div data-elementor-type=\"wp-page\" data-elementor-id=\"636\" class=\"elementor elementor-636\">\n\t\t\t\t\t\t<section class=\"elementor-section elementor-top-section elementor-element elementor-element-bc60a8e elementor-section-boxed elementor-section-height-default elementor-section-height-default\" data-id=\"bc60a8e\" data-element_type=\"section\">\n\t\t\t\t\t\t<div class=\"elementor-container elementor-column-gap-default\">\n\t\t\t\t\t<div class=\"elementor-column elementor-col-100 elementor-top-column elementor-element elementor-element-2b170455\" data-id=\"2b170455\" data-element_type=\"column\">\n\t\t\t<div class=\"elementor-widget-wrap elementor-element-populated\">\n\t\t\t\t\t\t<div class=\"elementor-element elementor-element-6c571fcb elementor-widget elementor-widget-text-editor\" data-id=\"6c571fcb\" data-element_type=\"widget\" data-widget_type=\"text-editor.default\">\n\t\t\t\t<div class=\"elementor-widget-container\">\n\t\t\t\t\t\t\t\t\t<p><\/p>\n<p>chardonslorrains.com est un site de Gourmandises SARL.<\/p>\n<p><\/p>\n<p><\/p>\n<p>Pour toute demande concernant un produit ou service, pour toutes suggestions, informations, r\u00e9actions concernant ce site, \u00e9crivez-nous sur notre formulaire ou \u00e0 l&rsquo;adresse e-mail suivante : contact@chardonslorrains.com<\/p>\n<p><\/p>\n<p><\/p>\n<p><strong>Si\u00e8ge social:<\/strong><br \/>55 rue de la R\u00e9publique<br \/>57320 Bouzonville<br \/>T\u00e9l\u00e9phone: 03 87 78 36 54<br \/>Siret: 411 504 327 00015<br \/>RC Metz: B 411 504 327<br \/>TVA Intracommunaire: FR07411504327<\/p>\n<p><\/p>\n<p><\/p>\n<p><strong>H\u00e9bergeur : <\/strong>OVH, 2 rue Kellermann &#8211; 59100 Roubaix &#8211; France<\/p>\n<p><\/p>\n<p><\/p>\n<p>Copyright chardonslorrains.com, tous droits d&rsquo;auteur des textes et \u0153uvres r\u00e9serv\u00e9s.<\/p>\n<p><\/p>\n<p><\/p>\n<p>Les sites sont prot\u00e9g\u00e9s par le droit d\u2019auteur. L\u2019usage de tout ou partie des sites, notamment par t\u00e9l\u00e9chargement, reproduction, transmission ou repr\u00e9sentation sur tous supports et par tous proc\u00e9d\u00e9s, \u00e0 d\u2019autres fins que pour usage personnel et priv\u00e9 dans un but non commercial est strictement interdit. La reproduction ou la repr\u00e9sentation du site chardonslorrains.com doit faire l\u2019objet d\u2019une autorisation \u00e9crite pr\u00e9alable de Gourmandises SARL.<\/p>\n<p><\/p>\n<p><\/p>\n<p>De fa\u00e7on g\u00e9n\u00e9rale, toute reproduction ou repr\u00e9sentation non autoris\u00e9e de tout \u00e9l\u00e9ment susceptible d\u2019\u00eatre prot\u00e9g\u00e9 par un droit de propri\u00e9t\u00e9 intellectuelle accessibles sur chardonslorrains.com est interdite et constituerait une contrefa\u00e7on au sens des articles L335-2 et suivants du Code de la Propri\u00e9t\u00e9 Intellectuelle, \u00e0 moins que cette reproduction ou repr\u00e9sentation ne soit exclusivement r\u00e9serv\u00e9e \u00e0 un usage strictement personnel et priv\u00e9.<\/p>\n<p><\/p>\t\t\t\t\t\t\t\t<\/div>\n\t\t\t\t<\/div>\n\t\t\t\t\t<\/div>\n\t\t<\/div>\n\t\t\t\t\t<\/div>\n\t\t<\/section>\n\t\t\t\t<\/div>\n\t\t","protected":false},"excerpt":{"rendered":"<p>chardonslorrains.com est un site de Gourmandises SARL. Pour toute demande concernant un produit ou service, pour toutes suggestions, informations, r\u00e9actions concernant ce site, \u00e9crivez-nous sur notre formulaire ou \u00e0 l&rsquo;adresse e-mail suivante : contact@chardonslorrains.com Si\u00e8ge social:55 rue de la R\u00e9publique57320 BouzonvilleT\u00e9l\u00e9phone: 03 87 78 36 54Siret: 411 504 327 00015RC Metz: B 411 504 327TVA [&hellip;]<\/p>\n","protected":false},"author":1,"featured_media":0,"parent":0,"menu_order":0,"comment_status":"closed","ping_status":"closed","template":"","meta":{"site-sidebar-layout":"default","site-content-layout":"default","ast-site-content-layout":"default","site-content-style":"default","site-sidebar-style":"default","ast-global-header-display":"","ast-banner-title-visibility":"","ast-main-header-display":"","ast-hfb-above-header-display":"","ast-hfb-below-header-display":"","ast-hfb-mobile-header-display":"","site-post-title":"","ast-breadcrumbs-content":"","ast-featured-img":"","footer-sml-layout":"","theme-transparent-header-meta":"default","adv-header-id-meta":"","stick-header-meta":"","header-above-stick-meta":"","header-main-stick-meta":"","header-below-stick-meta":"","astra-migrate-meta-layouts":"default","ast-page-background-enabled":"default","ast-page-background-meta":{"desktop":{"background-color":"","background-image":"","background-repeat":"repeat","background-position":"center center","background-size":"auto","background-attachment":"scroll","background-type":"","background-media":"","overlay-type":"","overlay-color":"","overlay-opacity":"","overlay-gradient":""},"tablet":{"background-color":"","background-image":"","background-repeat":"repeat","background-position":"center center","background-size":"auto","background-attachment":"scroll","background-type":"","background-media":"","overlay-type":"","overlay-color":"","overlay-opacity":"","overlay-gradient":""},"mobile":{"background-color":"","background-image":"","background-repeat":"repeat","background-position":"center center","background-size":"auto","background-attachment":"scroll","background-type":"","background-media":"","overlay-type":"","overlay-color":"","overlay-opacity":"","overlay-gradient":""}},"ast-content-background-meta":{"desktop":{"background-color":"var(--ast-global-color-5)","background-image":"","background-repeat":"repeat","background-position":"center center","background-size":"auto","background-attachment":"scroll","background-type":"","background-media":"","overlay-type":"","overlay-color":"","overlay-opacity":"","overlay-gradient":""},"tablet":{"background-color":"var(--ast-global-color-5)","background-image":"","background-repeat":"repeat","background-position":"center center","background-size":"auto","background-attachment":"scroll","background-type":"","background-media":"","overlay-type":"","overlay-color":"","overlay-opacity":"","overlay-gradient":""},"mobile":{"background-color":"var(--ast-global-color-5)","background-image":"","background-repeat":"repeat","background-position":"center center","background-size":"auto","background-attachment":"scroll","background-type":"","background-media":"","overlay-type":"","overlay-color":"","overlay-opacity":"","overlay-gradient":""}},"footnotes":""},"class_list":["post-636","page","type-page","status-publish","hentry"],"yoast_head":"<!-- This site is optimized with the Yoast SEO plugin v26.2 - https:\/\/yoast.com\/wordpress\/plugins\/seo\/ -->\n<title>Mentions l\u00e9gales - Chardons Lorrains FR<\/title>\n<meta name=\"description\" content=\"Mentions l\u00e9gales de chardonslorrains.com\" \/>\n<meta name=\"robots\" content=\"index, follow, max-snippet:-1, max-image-preview:large, max-video-preview:-1\" \/>\n<link rel=\"canonical\" href=\"https:\/\/www.chardonslorrains.com\/fr\/mentions-legales\/\" \/>\n<meta property=\"og:locale\" content=\"fr_FR\" \/>\n<meta property=\"og:type\" content=\"article\" \/>\n<meta property=\"og:title\" content=\"Mentions l\u00e9gales - Chardons Lorrains FR\" \/>\n<meta property=\"og:description\" content=\"Mentions l\u00e9gales de chardonslorrains.com\" \/>\n<meta property=\"og:url\" content=\"https:\/\/www.chardonslorrains.com\/fr\/mentions-legales\/\" \/>\n<meta property=\"og:site_name\" content=\"Chardons Lorrains FR\" \/>\n<meta property=\"article:modified_time\" content=\"2022-02-24T19:28:25+00:00\" \/>\n<meta name=\"twitter:card\" content=\"summary_large_image\" \/>\n<meta name=\"twitter:label1\" content=\"Dur\u00e9e de lecture estim\u00e9e\" \/>\n\t<meta name=\"twitter:data1\" content=\"2 minutes\" \/>\n<script type=\"application\/ld+json\" class=\"yoast-schema-graph\">{\"@context\":\"https:\/\/schema.org\",\"@graph\":[{\"@type\":\"WebPage\",\"@id\":\"https:\/\/www.chardonslorrains.com\/fr\/mentions-legales\/\",\"url\":\"https:\/\/www.chardonslorrains.com\/fr\/mentions-legales\/\",\"name\":\"Mentions l\u00e9gales - Chardons Lorrains FR\",\"isPartOf\":{\"@id\":\"https:\/\/www.chardonslorrains.com\/fr\/#website\"},\"datePublished\":\"2021-07-29T19:35:38+00:00\",\"dateModified\":\"2022-02-24T19:28:25+00:00\",\"description\":\"Mentions l\u00e9gales de chardonslorrains.com\",\"breadcrumb\":{\"@id\":\"https:\/\/www.chardonslorrains.com\/fr\/mentions-legales\/#breadcrumb\"},\"inLanguage\":\"fr-FR\",\"potentialAction\":[{\"@type\":\"ReadAction\",\"target\":[\"https:\/\/www.chardonslorrains.com\/fr\/mentions-legales\/\"]}]},{\"@type\":\"BreadcrumbList\",\"@id\":\"https:\/\/www.chardonslorrains.com\/fr\/mentions-legales\/#breadcrumb\",\"itemListElement\":[{\"@type\":\"ListItem\",\"position\":1,\"name\":\"Accueil\",\"item\":\"https:\/\/www.chardonslorrains.com\/fr\/\"},{\"@type\":\"ListItem\",\"position\":2,\"name\":\"Mentions l\u00e9gales\"}]},{\"@type\":\"WebSite\",\"@id\":\"https:\/\/www.chardonslorrains.com\/fr\/#website\",\"url\":\"https:\/\/www.chardonslorrains.com\/fr\/\",\"name\":\"Chardons Lorrains FR\",\"description\":\"\",\"publisher\":{\"@id\":\"https:\/\/www.chardonslorrains.com\/fr\/#organization\"},\"potentialAction\":[{\"@type\":\"SearchAction\",\"target\":{\"@type\":\"EntryPoint\",\"urlTemplate\":\"https:\/\/www.chardonslorrains.com\/fr\/?s={search_term_string}\"},\"query-input\":{\"@type\":\"PropertyValueSpecification\",\"valueRequired\":true,\"valueName\":\"search_term_string\"}}],\"inLanguage\":\"fr-FR\"},{\"@type\":\"Organization\",\"@id\":\"https:\/\/www.chardonslorrains.com\/fr\/#organization\",\"name\":\"Chardons Lorrains FR\",\"url\":\"https:\/\/www.chardonslorrains.com\/fr\/\",\"logo\":{\"@type\":\"ImageObject\",\"inLanguage\":\"fr-FR\",\"@id\":\"https:\/\/www.chardonslorrains.com\/fr\/#\/schema\/logo\/image\/\",\"url\":\"https:\/\/www.chardonslorrains.com\/medias\/sites\/2\/cropped-chardonslorrains_logo_gout-anthentique.png\",\"contentUrl\":\"https:\/\/www.chardonslorrains.com\/medias\/sites\/2\/cropped-chardonslorrains_logo_gout-anthentique.png\",\"width\":2000,\"height\":280,\"caption\":\"Chardons Lorrains FR\"},\"image\":{\"@id\":\"https:\/\/www.chardonslorrains.com\/fr\/#\/schema\/logo\/image\/\"}}]}<\/script>\n<!-- \/ Yoast SEO plugin. -->","yoast_head_json":{"title":"Mentions l\u00e9gales - Chardons Lorrains FR","description":"Mentions l\u00e9gales de chardonslorrains.com","robots":{"index":"index","follow":"follow","max-snippet":"max-snippet:-1","max-image-preview":"max-image-preview:large","max-video-preview":"max-video-preview:-1"},"canonical":"https:\/\/www.chardonslorrains.com\/fr\/mentions-legales\/","og_locale":"fr_FR","og_type":"article","og_title":"Mentions l\u00e9gales - Chardons Lorrains FR","og_description":"Mentions l\u00e9gales de chardonslorrains.com","og_url":"https:\/\/www.chardonslorrains.com\/fr\/mentions-legales\/","og_site_name":"Chardons Lorrains FR","article_modified_time":"2022-02-24T19:28:25+00:00","twitter_card":"summary_large_image","twitter_misc":{"Dur\u00e9e de lecture estim\u00e9e":"2 minutes"},"schema":{"@context":"https:\/\/schema.org","@graph":[{"@type":"WebPage","@id":"https:\/\/www.chardonslorrains.com\/fr\/mentions-legales\/","url":"https:\/\/www.chardonslorrains.com\/fr\/mentions-legales\/","name":"Mentions l\u00e9gales - Chardons Lorrains FR","isPartOf":{"@id":"https:\/\/www.chardonslorrains.com\/fr\/#website"},"datePublished":"2021-07-29T19:35:38+00:00","dateModified":"2022-02-24T19:28:25+00:00","description":"Mentions l\u00e9gales de chardonslorrains.com","breadcrumb":{"@id":"https:\/\/www.chardonslorrains.com\/fr\/mentions-legales\/#breadcrumb"},"inLanguage":"fr-FR","potentialAction":[{"@type":"ReadAction","target":["https:\/\/www.chardonslorrains.com\/fr\/mentions-legales\/"]}]},{"@type":"BreadcrumbList","@id":"https:\/\/www.chardonslorrains.com\/fr\/mentions-legales\/#breadcrumb","itemListElement":[{"@type":"ListItem","position":1,"name":"Accueil","item":"https:\/\/www.chardonslorrains.com\/fr\/"},{"@type":"ListItem","position":2,"name":"Mentions l\u00e9gales"}]},{"@type":"WebSite","@id":"https:\/\/www.chardonslorrains.com\/fr\/#website","url":"https:\/\/www.chardonslorrains.com\/fr\/","name":"Chardons Lorrains FR","description":"","publisher":{"@id":"https:\/\/www.chardonslorrains.com\/fr\/#organization"},"potentialAction":[{"@type":"SearchAction","target":{"@type":"EntryPoint","urlTemplate":"https:\/\/www.chardonslorrains.com\/fr\/?s={search_term_string}"},"query-input":{"@type":"PropertyValueSpecification","valueRequired":true,"valueName":"search_term_string"}}],"inLanguage":"fr-FR"},{"@type":"Organization","@id":"https:\/\/www.chardonslorrains.com\/fr\/#organization","name":"Chardons Lorrains FR","url":"https:\/\/www.chardonslorrains.com\/fr\/","logo":{"@type":"ImageObject","inLanguage":"fr-FR","@id":"https:\/\/www.chardonslorrains.com\/fr\/#\/schema\/logo\/image\/","url":"https:\/\/www.chardonslorrains.com\/medias\/sites\/2\/cropped-chardonslorrains_logo_gout-anthentique.png","contentUrl":"https:\/\/www.chardonslorrains.com\/medias\/sites\/2\/cropped-chardonslorrains_logo_gout-anthentique.png","width":2000,"height":280,"caption":"Chardons Lorrains FR"},"image":{"@id":"https:\/\/www.chardonslorrains.com\/fr\/#\/schema\/logo\/image\/"}}]}},"_links":{"self":[{"href":"https:\/\/www.chardonslorrains.com\/fr\/wp-json\/wp\/v2\/pages\/636","targetHints":{"allow":["GET"]}}],"collection":[{"href":"https:\/\/www.chardonslorrains.com\/fr\/wp-json\/wp\/v2\/pages"}],"about":[{"href":"https:\/\/www.chardonslorrains.com\/fr\/wp-json\/wp\/v2\/types\/page"}],"author":[{"embeddable":true,"href":"https:\/\/www.chardonslorrains.com\/fr\/wp-json\/wp\/v2\/users\/1"}],"replies":[{"embeddable":true,"href":"https:\/\/www.chardonslorrains.com\/fr\/wp-json\/wp\/v2\/comments?post=636"}],"version-history":[{"count":7,"href":"https:\/\/www.chardonslorrains.com\/fr\/wp-json\/wp\/v2\/pages\/636\/revisions"}],"predecessor-version":[{"id":1225,"href":"https:\/\/www.chardonslorrains.com\/fr\/wp-json\/wp\/v2\/pages\/636\/revisions\/1225"}],"wp:attachment":[{"href":"https:\/\/www.chardonslorrains.com\/fr\/wp-json\/wp\/v2\/media?parent=636"}],"curies":[{"name":"wp","href":"https:\/\/api.w.org\/{rel}","templated":true}]}}