{"id":495,"date":"2021-02-26T16:56:02","date_gmt":"2021-02-26T15:56:02","guid":{"rendered":"https:\/\/www.chardonslorrains.com\/fr\/?page_id=495"},"modified":"2022-02-23T17:23:45","modified_gmt":"2022-02-23T16:23:45","slug":"politique-de-confidentialite","status":"publish","type":"page","link":"https:\/\/www.chardonslorrains.com\/fr\/politique-de-confidentialite\/","title":{"rendered":"Politique de confidentialit\u00e9"},"content":{"rendered":"\t\t<div data-elementor-type=\"wp-page\" data-elementor-id=\"495\" class=\"elementor elementor-495\">\n\t\t\t\t\t\t<section class=\"elementor-section elementor-top-section elementor-element elementor-element-60dcfe9 elementor-section-boxed elementor-section-height-default elementor-section-height-default\" data-id=\"60dcfe9\" data-element_type=\"section\">\n\t\t\t\t\t\t<div class=\"elementor-container elementor-column-gap-default\">\n\t\t\t\t\t<div class=\"elementor-column elementor-col-100 elementor-top-column elementor-element elementor-element-d3923f6\" data-id=\"d3923f6\" data-element_type=\"column\">\n\t\t\t<div class=\"elementor-widget-wrap elementor-element-populated\">\n\t\t\t\t\t\t<div class=\"elementor-element elementor-element-41eed7e elementor-widget elementor-widget-heading\" data-id=\"41eed7e\" data-element_type=\"widget\" data-widget_type=\"heading.default\">\n\t\t\t\t<div class=\"elementor-widget-container\">\n\t\t\t\t\t<h2 class=\"elementor-heading-title elementor-size-default\">Politique de confidentialit\u00e9 de la boutique chardonslorrains.com<\/h2>\t\t\t\t<\/div>\n\t\t\t\t<\/div>\n\t\t\t\t\t<\/div>\n\t\t<\/div>\n\t\t\t\t\t<\/div>\n\t\t<\/section>\n\t\t\t\t<section class=\"elementor-section elementor-top-section elementor-element elementor-element-547df78 elementor-section-boxed elementor-section-height-default elementor-section-height-default\" data-id=\"547df78\" data-element_type=\"section\">\n\t\t\t\t\t\t<div class=\"elementor-container elementor-column-gap-default\">\n\t\t\t\t\t<div class=\"elementor-column elementor-col-100 elementor-top-column elementor-element elementor-element-5e7fe09\" data-id=\"5e7fe09\" data-element_type=\"column\">\n\t\t\t<div class=\"elementor-widget-wrap elementor-element-populated\">\n\t\t\t\t\t\t<div class=\"elementor-element elementor-element-a968b14 elementor-widget elementor-widget-text-editor\" data-id=\"a968b14\" data-element_type=\"widget\" data-widget_type=\"text-editor.default\">\n\t\t\t\t<div class=\"elementor-widget-container\">\n\t\t\t\t\t\t\t\t\t<h3>Qui sommes-nous ?<\/h3><p>L\u2019adresse de notre Site Web et boutique est : http:\/\/www.chardonslorrains.com<\/p><h3>Utilisation des donn\u00e9es personnelles collect\u00e9es<\/h3><p><strong>Commentaires<\/strong><br \/>Quand vous laissez un commentaire sur notre site web, les donn\u00e9es inscrites dans le formulaire de commentaire, mais aussi votre adresse IP et l\u2019agent utilisateur de votre navigateur sont collect\u00e9s pour nous aider \u00e0 la d\u00e9tection des commentaires ind\u00e9sirables.<\/p><p>Une cha\u00eene anonymis\u00e9e cr\u00e9\u00e9e \u00e0 partir de votre adresse de messagerie (\u00e9galement appel\u00e9e hash) peut \u00eatre envoy\u00e9e au service Gravatar pour v\u00e9rifier si vous utilisez ce dernier. Les clauses de confidentialit\u00e9 du service Gravatar sont disponibles ici : https:\/\/automattic.com\/privacy\/. Apr\u00e8s validation de votre commentaire, votre photo de profil sera visible publiquement \u00e0 cot\u00e9 de votre commentaire.<\/p><p><strong>M\u00e9dias<\/strong><br \/>Si vous \u00eates un utilisateur ou une utilisatrice enregistr\u00e9\u00b7e et que vous t\u00e9l\u00e9versez des images sur le site web, nous vous conseillons d\u2019\u00e9viter de t\u00e9l\u00e9verser des images contenant des donn\u00e9es EXIF de coordonn\u00e9es GPS. Les visiteurs de votre site web peuvent t\u00e9l\u00e9charger et extraire des donn\u00e9es de localisation depuis ces images.<\/p><h3>Formulaires de contact<\/h3><p><strong>Cookies<\/strong><br \/>Si vous d\u00e9posez un commentaire sur notre site, il vous sera propos\u00e9 d\u2019enregistrer votre nom, adresse de messagerie et site web dans des cookies. C\u2019est uniquement pour votre confort afin de ne pas avoir \u00e0 saisir ces informations si vous d\u00e9posez un autre commentaire plus tard. Ces cookies expirent au bout d\u2019un an.<\/p><p>Si vous avez un compte et que vous vous connectez sur ce site, un cookie temporaire sera cr\u00e9\u00e9 afin de d\u00e9terminer si votre navigateur accepte les cookies. Il ne contient pas de donn\u00e9es personnelles et sera supprim\u00e9 automatiquement \u00e0 la fermeture de votre navigateur.<\/p><p>Lorsque vous vous connecterez, nous mettrons en place un certain nombre de cookies pour enregistrer vos informations de connexion et vos pr\u00e9f\u00e9rences d\u2019\u00e9cran. La dur\u00e9e de vie d\u2019un cookie de connexion est de deux jours, celle d\u2019un cookie d\u2019option d\u2019\u00e9cran est d\u2019un an. Si vous cochez \u00ab Se souvenir de moi \u00bb, votre cookie de connexion sera conserv\u00e9 pendant deux semaines. Si vous vous d\u00e9connectez de votre compte, le cookie de connexion sera effac\u00e9.<\/p><p>En modifiant ou en publiant une publication, un cookie suppl\u00e9mentaire sera enregistr\u00e9 dans votre navigateur. Ce cookie ne comprend aucune donn\u00e9e personnelle. Il indique simplement l\u2019ID de la publication que vous venez de modifier. Il expire au bout d\u2019un jour.<\/p><p>Contenu embarqu\u00e9 depuis d\u2019autres sites<br \/>Les articles de ce site peuvent inclure des contenus int\u00e9gr\u00e9s (par exemple des vid\u00e9os, images, articles\u2026). Le contenu int\u00e9gr\u00e9 depuis d\u2019autres sites se comporte de la m\u00eame mani\u00e8re que si le visiteur se rendait sur cet autre site.<\/p><p>Ces sites web pourraient collecter des donn\u00e9es sur vous, utiliser des cookies, embarquer des outils de suivis tiers, suivre vos interactions avec ces contenus embarqu\u00e9s si vous disposez d\u2019un compte connect\u00e9 sur leur site web.<\/p><h3>Statistiques et mesures d\u2019audience<\/h3><p>Aux fins de statistiques et mesures d\u2019audience nous utilisons Google Analytics pour en savoir plus cliquez ici.<br \/>Utilisation et transmission de vos donn\u00e9es personnelles<br \/>Dur\u00e9es de stockage de vos donn\u00e9es<br \/>Si vous laissez un commentaire, le commentaire et ses m\u00e9tadonn\u00e9es sont conserv\u00e9s ind\u00e9finiment. Cela permet de reconna\u00eetre et approuver automatiquement les commentaires suivants au lieu de les laisser dans la file de mod\u00e9ration.<\/p><p>Pour les utilisateurs et utilisatrices qui s\u2019enregistrent sur notre site (si cela est possible), nous stockons \u00e9galement les donn\u00e9es personnelles indiqu\u00e9es dans leur profil. Tous les utilisateurs et utilisatrices peuvent voir, modifier ou supprimer leurs informations personnelles \u00e0 tout moment (\u00e0 l\u2019exception de leur nom d\u2019utilisateur\u00b7ice). Les gestionnaires du site peuvent aussi voir et modifier ces informations.<\/p><p><strong>Les droits que vous avez sur vos donn\u00e9es<\/strong><br \/>Si vous avez un compte ou si vous avez laiss\u00e9 des commentaires sur le site, vous pouvez demander \u00e0 recevoir un fichier contenant toutes les donn\u00e9es personnelles que nous poss\u00e9dons \u00e0 votre sujet, incluant celles que vous nous avez fournies. Vous pouvez \u00e9galement demander la suppression des donn\u00e9es personnelles vous concernant. Cela ne prend pas en compte les donn\u00e9es stock\u00e9es \u00e0 des fins administratives, l\u00e9gales ou pour des raisons de s\u00e9curit\u00e9.<\/p><p><strong>Transmission de vos donn\u00e9es personnelles<\/strong><br \/>Les commentaires des visiteurs peuvent \u00eatre v\u00e9rifi\u00e9s \u00e0 l\u2019aide d\u2019un service automatis\u00e9 de d\u00e9tection des commentaires ind\u00e9sirables.<\/p><p><strong>Informations de contact<\/strong><br \/>Vous pouvez nous contacter via notre formulaire de contact, par E-Mail \u00e0 l\u2019adresse suivante: contact@chardonslorrains.com ou encore par t\u00e9l\u00e9phone au 03 87 78 36 54.<\/p><p><strong>D\u00e9lais de r\u00e9ponse<\/strong><br \/>L\u2019\u00e9quipe de chardonslorrains.com s\u2019engage \u00e0 r\u00e9pondre \u00e0 votre demande d\u2019acc\u00e8s, de rectification ou d\u2019opposition ou toute autre demande compl\u00e9mentaire d\u2019informations dans un d\u00e9lai raisonnable qui ne saurait d\u00e9passer 1 mois \u00e0 compter de la r\u00e9ception de votre demande.<\/p><p><strong>Informations suppl\u00e9mentaires<\/strong><br \/>Comment nous prot\u00e9geons vos donn\u00e9es<br \/>Les internautes disposent de la libre facult\u00e9 de fournir des informations personnelles les concernant. La fourniture d\u2019informations personnelles n\u2019est pas indispensable pour la navigation sur le site. En revanche, l\u2019inscription sur le pr\u00e9sent site suppose la collecte, par l\u2019\u00e9diteur, d\u2019un certain nombre d\u2019informations personnelles concernant les internautes. Les internautes ne souhaitant pas fournir les informations n\u00e9cessaires \u00e0 l\u2019utilisation des services offerts par le pr\u00e9sent site ainsi que, le cas \u00e9ch\u00e9ant, n\u00e9cessaires \u00e0 la cr\u00e9ation d\u2019un espace personnel, ne pourront ni utiliser les services propos\u00e9s par l\u2019\u00e9diteur du pr\u00e9sent site, ni passer commande sur le pr\u00e9sent site.<\/p><p>Dans le cadre d\u2019une commande sur le pr\u00e9sent site, les informations relatives \u00e0 la collecte de donn\u00e9es relatives au paiement, notamment le num\u00e9ro de carte bancaire et son utilisation \u00e0 des fins d\u2019identification commerciale est subordonn\u00e9e au recueil du consentement de la personne concern\u00e9e, \u00e0 travers les diff\u00e9rents formulaires pr\u00e9sents sur le site. Les donn\u00e9es r\u00e9colt\u00e9es sont n\u00e9cessaires \u00e0 la bonne administration des services propos\u00e9s sur le pr\u00e9sent site ainsi qu\u2019au respect de ses obligations contractuelles par l\u2019\u00e9diteur. Ces donn\u00e9es sont conserv\u00e9es par l\u2019\u00e9diteur en cette unique qualit\u00e9, et l\u2019\u00e9diteur s\u2019engage \u00e0 ne pas les utiliser dans un autre cadre, ni \u00e0 les transmettre \u00e0 des tiers, hors accord express des utilisateurs ou cas pr\u00e9vus par la loi.<\/p><p>Les coordonn\u00e9es de tous les utilisateurs inscrits sur le pr\u00e9sent site sont sauvegard\u00e9es pour une dur\u00e9e de un an, dur\u00e9e raisonnable n\u00e9cessaire \u00e0 la bonne administration du site et \u00e0 une utilisation normale des donn\u00e9es. Ces donn\u00e9es sont conserv\u00e9es dans des conditions s\u00e9curis\u00e9es, selon les moyens actuels de la technique, dans le respect des dispositions de la Loi informatique et Libert\u00e9s du 6 janvier 1978. Conform\u00e9ment \u00e0 cette derni\u00e8re, ils disposent d\u2019un droit d\u2019opposition, d\u2019interrogation, d\u2019acc\u00e8s et de rectification des donn\u00e9es qu\u2019ils ont fournies. Pour cela, il leur suffit d\u2019en faire la demande \u00e0 l\u2019\u00e9diteur du pr\u00e9sent site, en la formulant \u00e0 l\u2019adresse \u00e9lectronique suivante : contact@chardonslorrains.com, ou encore par courrier postal \u00e0 l\u2019adresse mentionn\u00e9 en t\u00eate des pr\u00e9sentes conditions g\u00e9n\u00e9rales. Les donn\u00e9es personnelles collect\u00e9es font l\u2019objet d\u2019un traitement informatique et sont exclusivement r\u00e9serv\u00e9es \u00e0 l\u2019\u00e9diteur du site. Le responsable du traitement est Madame Christiane Wagner, dont les coordonn\u00e9es sont indiqu\u00e9es en t\u00eate des pr\u00e9sentes conditions g\u00e9n\u00e9rales.<\/p><p>Les donn\u00e9es personnelles r\u00e9colt\u00e9es ne font l\u2019objet d\u2019aucun transfert vers l\u2019\u00e9tranger. En outre, l\u2019\u00e9diteur se r\u00e9serve le droit de collecter adresse IP (Internet Protocol) publique de tous les internautes. La collecte de cette adresse IP sera effectu\u00e9e de fa\u00e7on anonyme, elle sera conserv\u00e9e pour la m\u00eame dur\u00e9e que les informations personnelles et ne sera destin\u00e9e qu\u2019\u00e0 permettre une bonne administration des services propos\u00e9s sur le pr\u00e9sent site. L\u2019adresse IP correspond \u00e0 une s\u00e9rie de chiffres s\u00e9par\u00e9s de points permettant l\u2019identification unique d\u2019un ordinateur sur le r\u00e9seau Internet.<\/p><p>L\u2019\u00e9diteur devra communiquer toutes les donn\u00e9es personnelles relatives \u00e0 un internaute \u00e0 la Police (sur r\u00e9quisition judiciaire) ou \u00e0 toute personne (sur ordonnance du juge). L\u2019adresse IP de votre ordinateur pourra faire l\u2019objet d\u2019un rapprochement avec l\u2019identit\u00e9 effective de l\u2019abonn\u00e9 d\u00e9tenue par le FAI (fournisseurs d\u2019acc\u00e8s \u00e0 l\u2019internet).<\/p>\t\t\t\t\t\t\t\t<\/div>\n\t\t\t\t<\/div>\n\t\t\t\t\t<\/div>\n\t\t<\/div>\n\t\t\t\t\t<\/div>\n\t\t<\/section>\n\t\t\t\t<\/div>\n\t\t","protected":false},"excerpt":{"rendered":"<p>Politique de confidentialit\u00e9 de la boutique chardonslorrains.com Qui sommes-nous ? L\u2019adresse de notre Site Web et boutique est : http:\/\/www.chardonslorrains.com Utilisation des donn\u00e9es personnelles collect\u00e9es CommentairesQuand vous laissez un commentaire sur notre site web, les donn\u00e9es inscrites dans le formulaire de commentaire, mais aussi votre adresse IP et l\u2019agent utilisateur de votre navigateur sont collect\u00e9s [&hellip;]<\/p>\n","protected":false},"author":1,"featured_media":0,"parent":0,"menu_order":0,"comment_status":"closed","ping_status":"closed","template":"","meta":{"site-sidebar-layout":"no-sidebar","site-content-layout":"page-builder","ast-site-content-layout":"default","site-content-style":"default","site-sidebar-style":"default","ast-global-header-display":"","ast-banner-title-visibility":"","ast-main-header-display":"","ast-hfb-above-header-display":"","ast-hfb-below-header-display":"","ast-hfb-mobile-header-display":"","site-post-title":"disabled","ast-breadcrumbs-content":"","ast-featured-img":"disabled","footer-sml-layout":"","theme-transparent-header-meta":"default","adv-header-id-meta":"","stick-header-meta":"","header-above-stick-meta":"","header-main-stick-meta":"","header-below-stick-meta":"","astra-migrate-meta-layouts":"default","ast-page-background-enabled":"default","ast-page-background-meta":{"desktop":{"background-color":"","background-image":"","background-repeat":"repeat","background-position":"center center","background-size":"auto","background-attachment":"scroll","background-type":"","background-media":"","overlay-type":"","overlay-color":"","overlay-opacity":"","overlay-gradient":""},"tablet":{"background-color":"","background-image":"","background-repeat":"repeat","background-position":"center center","background-size":"auto","background-attachment":"scroll","background-type":"","background-media":"","overlay-type":"","overlay-color":"","overlay-opacity":"","overlay-gradient":""},"mobile":{"background-color":"","background-image":"","background-repeat":"repeat","background-position":"center center","background-size":"auto","background-attachment":"scroll","background-type":"","background-media":"","overlay-type":"","overlay-color":"","overlay-opacity":"","overlay-gradient":""}},"ast-content-background-meta":{"desktop":{"background-color":"var(--ast-global-color-5)","background-image":"","background-repeat":"repeat","background-position":"center center","background-size":"auto","background-attachment":"scroll","background-type":"","background-media":"","overlay-type":"","overlay-color":"","overlay-opacity":"","overlay-gradient":""},"tablet":{"background-color":"var(--ast-global-color-5)","background-image":"","background-repeat":"repeat","background-position":"center center","background-size":"auto","background-attachment":"scroll","background-type":"","background-media":"","overlay-type":"","overlay-color":"","overlay-opacity":"","overlay-gradient":""},"mobile":{"background-color":"var(--ast-global-color-5)","background-image":"","background-repeat":"repeat","background-position":"center center","background-size":"auto","background-attachment":"scroll","background-type":"","background-media":"","overlay-type":"","overlay-color":"","overlay-opacity":"","overlay-gradient":""}},"footnotes":""},"class_list":["post-495","page","type-page","status-publish","hentry"],"yoast_head":"<!-- This site is optimized with the Yoast SEO plugin v26.2 - https:\/\/yoast.com\/wordpress\/plugins\/seo\/ -->\n<title>Politique de confidentialit\u00e9 - Chardons Lorrains FR<\/title>\n<meta name=\"description\" content=\"Politique de confidentialit\u00e9 de la boutique en ligne chardons lorrains. Votre fournisseur de d\u00e9licieux chardons lorrains \u00e0 l&#039;eau de vie.\" \/>\n<meta name=\"robots\" content=\"index, follow, max-snippet:-1, max-image-preview:large, max-video-preview:-1\" \/>\n<link rel=\"canonical\" href=\"https:\/\/www.chardonslorrains.com\/fr\/politique-de-confidentialite\/\" \/>\n<meta property=\"og:locale\" content=\"fr_FR\" \/>\n<meta property=\"og:type\" content=\"article\" \/>\n<meta property=\"og:title\" content=\"Politique de confidentialit\u00e9 - Chardons Lorrains FR\" \/>\n<meta property=\"og:description\" content=\"Politique de confidentialit\u00e9 de la boutique en ligne chardons lorrains. Votre fournisseur de d\u00e9licieux chardons lorrains \u00e0 l&#039;eau de vie.\" \/>\n<meta property=\"og:url\" content=\"https:\/\/www.chardonslorrains.com\/fr\/politique-de-confidentialite\/\" \/>\n<meta property=\"og:site_name\" content=\"Chardons Lorrains FR\" \/>\n<meta property=\"article:modified_time\" content=\"2022-02-23T16:23:45+00:00\" \/>\n<meta name=\"twitter:card\" content=\"summary_large_image\" \/>\n<meta name=\"twitter:label1\" content=\"Dur\u00e9e de lecture estim\u00e9e\" \/>\n\t<meta name=\"twitter:data1\" content=\"7 minutes\" \/>\n<script type=\"application\/ld+json\" class=\"yoast-schema-graph\">{\"@context\":\"https:\/\/schema.org\",\"@graph\":[{\"@type\":\"WebPage\",\"@id\":\"https:\/\/www.chardonslorrains.com\/fr\/politique-de-confidentialite\/\",\"url\":\"https:\/\/www.chardonslorrains.com\/fr\/politique-de-confidentialite\/\",\"name\":\"Politique de confidentialit\u00e9 - Chardons Lorrains FR\",\"isPartOf\":{\"@id\":\"https:\/\/www.chardonslorrains.com\/fr\/#website\"},\"datePublished\":\"2021-02-26T15:56:02+00:00\",\"dateModified\":\"2022-02-23T16:23:45+00:00\",\"description\":\"Politique de confidentialit\u00e9 de la boutique en ligne chardons lorrains. Votre fournisseur de d\u00e9licieux chardons lorrains \u00e0 l'eau de vie.\",\"breadcrumb\":{\"@id\":\"https:\/\/www.chardonslorrains.com\/fr\/politique-de-confidentialite\/#breadcrumb\"},\"inLanguage\":\"fr-FR\",\"potentialAction\":[{\"@type\":\"ReadAction\",\"target\":[\"https:\/\/www.chardonslorrains.com\/fr\/politique-de-confidentialite\/\"]}]},{\"@type\":\"BreadcrumbList\",\"@id\":\"https:\/\/www.chardonslorrains.com\/fr\/politique-de-confidentialite\/#breadcrumb\",\"itemListElement\":[{\"@type\":\"ListItem\",\"position\":1,\"name\":\"Accueil\",\"item\":\"https:\/\/www.chardonslorrains.com\/fr\/\"},{\"@type\":\"ListItem\",\"position\":2,\"name\":\"Politique de confidentialit\u00e9\"}]},{\"@type\":\"WebSite\",\"@id\":\"https:\/\/www.chardonslorrains.com\/fr\/#website\",\"url\":\"https:\/\/www.chardonslorrains.com\/fr\/\",\"name\":\"Chardons Lorrains FR\",\"description\":\"\",\"publisher\":{\"@id\":\"https:\/\/www.chardonslorrains.com\/fr\/#organization\"},\"potentialAction\":[{\"@type\":\"SearchAction\",\"target\":{\"@type\":\"EntryPoint\",\"urlTemplate\":\"https:\/\/www.chardonslorrains.com\/fr\/?s={search_term_string}\"},\"query-input\":{\"@type\":\"PropertyValueSpecification\",\"valueRequired\":true,\"valueName\":\"search_term_string\"}}],\"inLanguage\":\"fr-FR\"},{\"@type\":\"Organization\",\"@id\":\"https:\/\/www.chardonslorrains.com\/fr\/#organization\",\"name\":\"Chardons Lorrains FR\",\"url\":\"https:\/\/www.chardonslorrains.com\/fr\/\",\"logo\":{\"@type\":\"ImageObject\",\"inLanguage\":\"fr-FR\",\"@id\":\"https:\/\/www.chardonslorrains.com\/fr\/#\/schema\/logo\/image\/\",\"url\":\"https:\/\/www.chardonslorrains.com\/medias\/sites\/2\/cropped-chardonslorrains_logo_gout-anthentique.png\",\"contentUrl\":\"https:\/\/www.chardonslorrains.com\/medias\/sites\/2\/cropped-chardonslorrains_logo_gout-anthentique.png\",\"width\":2000,\"height\":280,\"caption\":\"Chardons Lorrains FR\"},\"image\":{\"@id\":\"https:\/\/www.chardonslorrains.com\/fr\/#\/schema\/logo\/image\/\"}}]}<\/script>\n<!-- \/ Yoast SEO plugin. -->","yoast_head_json":{"title":"Politique de confidentialit\u00e9 - Chardons Lorrains FR","description":"Politique de confidentialit\u00e9 de la boutique en ligne chardons lorrains. Votre fournisseur de d\u00e9licieux chardons lorrains \u00e0 l'eau de vie.","robots":{"index":"index","follow":"follow","max-snippet":"max-snippet:-1","max-image-preview":"max-image-preview:large","max-video-preview":"max-video-preview:-1"},"canonical":"https:\/\/www.chardonslorrains.com\/fr\/politique-de-confidentialite\/","og_locale":"fr_FR","og_type":"article","og_title":"Politique de confidentialit\u00e9 - Chardons Lorrains FR","og_description":"Politique de confidentialit\u00e9 de la boutique en ligne chardons lorrains. Votre fournisseur de d\u00e9licieux chardons lorrains \u00e0 l'eau de vie.","og_url":"https:\/\/www.chardonslorrains.com\/fr\/politique-de-confidentialite\/","og_site_name":"Chardons Lorrains FR","article_modified_time":"2022-02-23T16:23:45+00:00","twitter_card":"summary_large_image","twitter_misc":{"Dur\u00e9e de lecture estim\u00e9e":"7 minutes"},"schema":{"@context":"https:\/\/schema.org","@graph":[{"@type":"WebPage","@id":"https:\/\/www.chardonslorrains.com\/fr\/politique-de-confidentialite\/","url":"https:\/\/www.chardonslorrains.com\/fr\/politique-de-confidentialite\/","name":"Politique de confidentialit\u00e9 - Chardons Lorrains FR","isPartOf":{"@id":"https:\/\/www.chardonslorrains.com\/fr\/#website"},"datePublished":"2021-02-26T15:56:02+00:00","dateModified":"2022-02-23T16:23:45+00:00","description":"Politique de confidentialit\u00e9 de la boutique en ligne chardons lorrains. Votre fournisseur de d\u00e9licieux chardons lorrains \u00e0 l'eau de vie.","breadcrumb":{"@id":"https:\/\/www.chardonslorrains.com\/fr\/politique-de-confidentialite\/#breadcrumb"},"inLanguage":"fr-FR","potentialAction":[{"@type":"ReadAction","target":["https:\/\/www.chardonslorrains.com\/fr\/politique-de-confidentialite\/"]}]},{"@type":"BreadcrumbList","@id":"https:\/\/www.chardonslorrains.com\/fr\/politique-de-confidentialite\/#breadcrumb","itemListElement":[{"@type":"ListItem","position":1,"name":"Accueil","item":"https:\/\/www.chardonslorrains.com\/fr\/"},{"@type":"ListItem","position":2,"name":"Politique de confidentialit\u00e9"}]},{"@type":"WebSite","@id":"https:\/\/www.chardonslorrains.com\/fr\/#website","url":"https:\/\/www.chardonslorrains.com\/fr\/","name":"Chardons Lorrains FR","description":"","publisher":{"@id":"https:\/\/www.chardonslorrains.com\/fr\/#organization"},"potentialAction":[{"@type":"SearchAction","target":{"@type":"EntryPoint","urlTemplate":"https:\/\/www.chardonslorrains.com\/fr\/?s={search_term_string}"},"query-input":{"@type":"PropertyValueSpecification","valueRequired":true,"valueName":"search_term_string"}}],"inLanguage":"fr-FR"},{"@type":"Organization","@id":"https:\/\/www.chardonslorrains.com\/fr\/#organization","name":"Chardons Lorrains FR","url":"https:\/\/www.chardonslorrains.com\/fr\/","logo":{"@type":"ImageObject","inLanguage":"fr-FR","@id":"https:\/\/www.chardonslorrains.com\/fr\/#\/schema\/logo\/image\/","url":"https:\/\/www.chardonslorrains.com\/medias\/sites\/2\/cropped-chardonslorrains_logo_gout-anthentique.png","contentUrl":"https:\/\/www.chardonslorrains.com\/medias\/sites\/2\/cropped-chardonslorrains_logo_gout-anthentique.png","width":2000,"height":280,"caption":"Chardons Lorrains FR"},"image":{"@id":"https:\/\/www.chardonslorrains.com\/fr\/#\/schema\/logo\/image\/"}}]}},"_links":{"self":[{"href":"https:\/\/www.chardonslorrains.com\/fr\/wp-json\/wp\/v2\/pages\/495","targetHints":{"allow":["GET"]}}],"collection":[{"href":"https:\/\/www.chardonslorrains.com\/fr\/wp-json\/wp\/v2\/pages"}],"about":[{"href":"https:\/\/www.chardonslorrains.com\/fr\/wp-json\/wp\/v2\/types\/page"}],"author":[{"embeddable":true,"href":"https:\/\/www.chardonslorrains.com\/fr\/wp-json\/wp\/v2\/users\/1"}],"replies":[{"embeddable":true,"href":"https:\/\/www.chardonslorrains.com\/fr\/wp-json\/wp\/v2\/comments?post=495"}],"version-history":[{"count":12,"href":"https:\/\/www.chardonslorrains.com\/fr\/wp-json\/wp\/v2\/pages\/495\/revisions"}],"predecessor-version":[{"id":1295,"href":"https:\/\/www.chardonslorrains.com\/fr\/wp-json\/wp\/v2\/pages\/495\/revisions\/1295"}],"wp:attachment":[{"href":"https:\/\/www.chardonslorrains.com\/fr\/wp-json\/wp\/v2\/media?parent=495"}],"curies":[{"name":"wp","href":"https:\/\/api.w.org\/{rel}","templated":true}]}}