{"id":22,"date":"2021-01-23T11:42:08","date_gmt":"2021-01-23T10:42:08","guid":{"rendered":"https:\/\/www.chardonslorrains.com\/fr\/?page_id=22"},"modified":"2025-08-14T23:01:04","modified_gmt":"2025-08-14T21:01:04","slug":"origine","status":"publish","type":"page","link":"https:\/\/www.chardonslorrains.com\/fr\/origine\/","title":{"rendered":"Origine"},"content":{"rendered":"\t\t<div data-elementor-type=\"wp-page\" data-elementor-id=\"22\" class=\"elementor elementor-22\">\n\t\t\t\t\t\t<section class=\"elementor-section elementor-top-section elementor-element elementor-element-b3f5263 elementor-section-boxed elementor-section-height-default elementor-section-height-default\" data-id=\"b3f5263\" data-element_type=\"section\">\n\t\t\t\t\t\t<div class=\"elementor-container elementor-column-gap-default\">\n\t\t\t\t\t<div class=\"elementor-column elementor-col-100 elementor-top-column elementor-element elementor-element-0f27c82\" data-id=\"0f27c82\" data-element_type=\"column\">\n\t\t\t<div class=\"elementor-widget-wrap elementor-element-populated\">\n\t\t\t\t\t\t<div class=\"elementor-element elementor-element-8ff6da6 elementor-widget elementor-widget-text-editor\" data-id=\"8ff6da6\" data-element_type=\"widget\" data-widget_type=\"text-editor.default\">\n\t\t\t\t<div class=\"elementor-widget-container\">\n\t\t\t\t\t\t\t\t\t<h1>Les chardons lorrains, un symbole et une histoire<\/h1><h2>Origine de la gourmandise<\/h2><p>On identifie les premi\u00e8res confections des chardons lorrains depuis le milieu du 19\u00e8me si\u00e8cle. Ils auraient tout d&rsquo;abord \u00e9t\u00e9 produit par des confiseurs \u00e0 Nancy avant que le savoir-faire se propage dans toute r\u00e9gion la Lorraine. Ainsi, ces gourmandises alcoolis\u00e9es deviennent une sp\u00e9cialit\u00e9 typique r\u00e9gionale.<\/p><p>Les chardons au chocolat de Lorraine doivent leur nom \u00e0 leur forme proche des chardons aux \u00e2nes. Etant un chocolat contenant un liquide alcoolis\u00e9 et ayant une forme de boule \u00e9pineuse,\u00a0 elle \u00e9voque la plante \u00e9pineuse typique de la Lorraine que l&rsquo;on retrouve dans de nombreux embl\u00e8mes et armoiries, comme celle de la ville de Nancy. Aujourd&rsquo;hui, il s&rsquo;agit \u00e9galement d&rsquo;un symbole que l&rsquo;on retrouve dans de nombreux logos repr\u00e9sentants la Lorraine, comme par exemple sur les maillots du club de football de l&rsquo;AS Nancy Lorraine.<\/p><h2>Pourquoi le chardon lorrain est-il un symbole de la r\u00e9gion Lorraine?<\/h2><p>\u00a0<\/p><div><figure id=\"attachment_655\" aria-describedby=\"caption-attachment-655\" style=\"width: 290px\" class=\"wp-caption aligncenter\"><img fetchpriority=\"high\" decoding=\"async\" class=\"size-full wp-image-655\" src=\"https:\/\/www.chardonslorrains.com\/medias\/sites\/2\/drapeau_lorrain.png\" alt=\"Drapeau de la Lorraine\" width=\"290\" height=\"174\" \/><figcaption id=\"caption-attachment-655\" class=\"wp-caption-text\">Drapeau de la r\u00e9gion de la Lorraine<\/figcaption><\/figure><\/div><p>Le chardon lorrain est d\u2019origine angevine. Ren\u00e9 1er d\u2019Anjou, Roi de Naples, l\u2019introduit dans la r\u00e9gion. Le 5 janvier 1477, son fils Ren\u00e9 II adopte la plante \u00e9pineuse suite de sa victoire sur Charles le T\u00e9m\u00e9raire, duc de Bourgogne, lors de la bataille de Nancy. Il lui ajoute la devise suivante : \u00abNe toqu\u00e8s mi, je poins \u00bb (Ne me touche, pas je pique) qui devint \u00abQui s\u2019y frotte, s\u2019y pique \u00bb. Depuis, le chardon lorrain symbolise la fiert\u00e9 des Lorrains.<\/p><h2>Conception de la gourmandise lorraine<\/h2><p>La technique consiste \u00e0 r\u00e9aliser une coque, la technique \u00e0 \u00ab\u00a0l&rsquo;amidon\u00a0\u00bb. On cuit un sirop de sucre et on incorpore un alcool. Et la Lorraine ne manque pas de sp\u00e9cialit\u00e9s r\u00e9gionales, que ce soit la mirabelle, le kirsch, la framboise, la poire ou le marc de Lorraine, de nombreuses variantes sont possible. Au bout de quelques jours, le sucre se cristallise au contact de l&rsquo;amidon. L&rsquo;alcool est ainsi renferm\u00e9 dans un noyau de sucre. Ensuite, on enrobe le tout d\u2019un chocolat, g\u00e9n\u00e9ralement blanc.\u00a0<\/p>\t\t\t\t\t\t\t\t<\/div>\n\t\t\t\t<\/div>\n\t\t\t\t\t<\/div>\n\t\t<\/div>\n\t\t\t\t\t<\/div>\n\t\t<\/section>\n\t\t\t\t<\/div>\n\t\t","protected":false},"excerpt":{"rendered":"<p>Les chardons lorrains, un symbole et une histoire Origine de la gourmandise On identifie les premi\u00e8res confections des chardons lorrains depuis le milieu du 19\u00e8me si\u00e8cle. Ils auraient tout d&rsquo;abord \u00e9t\u00e9 produit par des confiseurs \u00e0 Nancy avant que le savoir-faire se propage dans toute r\u00e9gion la Lorraine. Ainsi, ces gourmandises alcoolis\u00e9es deviennent une sp\u00e9cialit\u00e9 [&hellip;]<\/p>\n","protected":false},"author":1,"featured_media":0,"parent":0,"menu_order":0,"comment_status":"closed","ping_status":"closed","template":"","meta":{"site-sidebar-layout":"no-sidebar","site-content-layout":"page-builder","ast-site-content-layout":"full-width-container","site-content-style":"unboxed","site-sidebar-style":"unboxed","ast-global-header-display":"","ast-banner-title-visibility":"","ast-main-header-display":"","ast-hfb-above-header-display":"","ast-hfb-below-header-display":"","ast-hfb-mobile-header-display":"","site-post-title":"disabled","ast-breadcrumbs-content":"","ast-featured-img":"disabled","footer-sml-layout":"","theme-transparent-header-meta":"default","adv-header-id-meta":"","stick-header-meta":"","header-above-stick-meta":"","header-main-stick-meta":"","header-below-stick-meta":"","astra-migrate-meta-layouts":"set","ast-page-background-enabled":"default","ast-page-background-meta":{"desktop":{"background-color":"","background-image":"","background-repeat":"repeat","background-position":"center center","background-size":"auto","background-attachment":"scroll","background-type":"","background-media":"","overlay-type":"","overlay-color":"","overlay-opacity":"","overlay-gradient":""},"tablet":{"background-color":"","background-image":"","background-repeat":"repeat","background-position":"center center","background-size":"auto","background-attachment":"scroll","background-type":"","background-media":"","overlay-type":"","overlay-color":"","overlay-opacity":"","overlay-gradient":""},"mobile":{"background-color":"","background-image":"","background-repeat":"repeat","background-position":"center center","background-size":"auto","background-attachment":"scroll","background-type":"","background-media":"","overlay-type":"","overlay-color":"","overlay-opacity":"","overlay-gradient":""}},"ast-content-background-meta":{"desktop":{"background-color":"var(--ast-global-color-5)","background-image":"","background-repeat":"repeat","background-position":"center center","background-size":"auto","background-attachment":"scroll","background-type":"","background-media":"","overlay-type":"","overlay-color":"","overlay-opacity":"","overlay-gradient":""},"tablet":{"background-color":"var(--ast-global-color-5)","background-image":"","background-repeat":"repeat","background-position":"center center","background-size":"auto","background-attachment":"scroll","background-type":"","background-media":"","overlay-type":"","overlay-color":"","overlay-opacity":"","overlay-gradient":""},"mobile":{"background-color":"var(--ast-global-color-5)","background-image":"","background-repeat":"repeat","background-position":"center center","background-size":"auto","background-attachment":"scroll","background-type":"","background-media":"","overlay-type":"","overlay-color":"","overlay-opacity":"","overlay-gradient":""}},"footnotes":""},"class_list":["post-22","page","type-page","status-publish","hentry"],"yoast_head":"<!-- This site is optimized with the Yoast SEO plugin v26.2 - https:\/\/yoast.com\/wordpress\/plugins\/seo\/ -->\n<title>Origine - Chardons Lorrains FR<\/title>\n<meta name=\"description\" content=\"L&#039;histoire et l&#039;origine des chardons lorrains, la c\u00e9l\u00e8bre gourmandise chocolat\u00e9e \u00e0 la liqueur de mirabelle. A d\u00e9couvrir et \u00e0 s&#039;offrir !\" \/>\n<meta name=\"robots\" content=\"index, follow, max-snippet:-1, max-image-preview:large, max-video-preview:-1\" \/>\n<link rel=\"canonical\" href=\"https:\/\/www.chardonslorrains.com\/fr\/origine\/\" \/>\n<meta property=\"og:locale\" content=\"fr_FR\" \/>\n<meta property=\"og:type\" content=\"article\" \/>\n<meta property=\"og:title\" content=\"Origine - Chardons Lorrains FR\" \/>\n<meta property=\"og:description\" content=\"L&#039;histoire et l&#039;origine des chardons lorrains, la c\u00e9l\u00e8bre gourmandise chocolat\u00e9e \u00e0 la liqueur de mirabelle. A d\u00e9couvrir et \u00e0 s&#039;offrir !\" \/>\n<meta property=\"og:url\" content=\"https:\/\/www.chardonslorrains.com\/fr\/origine\/\" \/>\n<meta property=\"og:site_name\" content=\"Chardons Lorrains FR\" \/>\n<meta property=\"article:modified_time\" content=\"2025-08-14T21:01:04+00:00\" \/>\n<meta property=\"og:image\" content=\"https:\/\/www.chardonslorrains.com\/medias\/sites\/2\/drapeau_lorrain.png\" \/>\n<meta name=\"twitter:card\" content=\"summary_large_image\" \/>\n<meta name=\"twitter:label1\" content=\"Dur\u00e9e de lecture estim\u00e9e\" \/>\n\t<meta name=\"twitter:data1\" content=\"2 minutes\" \/>\n<script type=\"application\/ld+json\" class=\"yoast-schema-graph\">{\"@context\":\"https:\/\/schema.org\",\"@graph\":[{\"@type\":\"WebPage\",\"@id\":\"https:\/\/www.chardonslorrains.com\/fr\/origine\/\",\"url\":\"https:\/\/www.chardonslorrains.com\/fr\/origine\/\",\"name\":\"Origine - Chardons Lorrains FR\",\"isPartOf\":{\"@id\":\"https:\/\/www.chardonslorrains.com\/fr\/#website\"},\"primaryImageOfPage\":{\"@id\":\"https:\/\/www.chardonslorrains.com\/fr\/origine\/#primaryimage\"},\"image\":{\"@id\":\"https:\/\/www.chardonslorrains.com\/fr\/origine\/#primaryimage\"},\"thumbnailUrl\":\"https:\/\/www.chardonslorrains.com\/medias\/sites\/2\/drapeau_lorrain.png\",\"datePublished\":\"2021-01-23T10:42:08+00:00\",\"dateModified\":\"2025-08-14T21:01:04+00:00\",\"description\":\"L'histoire et l'origine des chardons lorrains, la c\u00e9l\u00e8bre gourmandise chocolat\u00e9e \u00e0 la liqueur de mirabelle. A d\u00e9couvrir et \u00e0 s'offrir !\",\"breadcrumb\":{\"@id\":\"https:\/\/www.chardonslorrains.com\/fr\/origine\/#breadcrumb\"},\"inLanguage\":\"fr-FR\",\"potentialAction\":[{\"@type\":\"ReadAction\",\"target\":[\"https:\/\/www.chardonslorrains.com\/fr\/origine\/\"]}]},{\"@type\":\"ImageObject\",\"inLanguage\":\"fr-FR\",\"@id\":\"https:\/\/www.chardonslorrains.com\/fr\/origine\/#primaryimage\",\"url\":\"https:\/\/www.chardonslorrains.com\/medias\/sites\/2\/drapeau_lorrain.png\",\"contentUrl\":\"https:\/\/www.chardonslorrains.com\/medias\/sites\/2\/drapeau_lorrain.png\"},{\"@type\":\"BreadcrumbList\",\"@id\":\"https:\/\/www.chardonslorrains.com\/fr\/origine\/#breadcrumb\",\"itemListElement\":[{\"@type\":\"ListItem\",\"position\":1,\"name\":\"Accueil\",\"item\":\"https:\/\/www.chardonslorrains.com\/fr\/\"},{\"@type\":\"ListItem\",\"position\":2,\"name\":\"Origine\"}]},{\"@type\":\"WebSite\",\"@id\":\"https:\/\/www.chardonslorrains.com\/fr\/#website\",\"url\":\"https:\/\/www.chardonslorrains.com\/fr\/\",\"name\":\"Chardons Lorrains FR\",\"description\":\"\",\"publisher\":{\"@id\":\"https:\/\/www.chardonslorrains.com\/fr\/#organization\"},\"potentialAction\":[{\"@type\":\"SearchAction\",\"target\":{\"@type\":\"EntryPoint\",\"urlTemplate\":\"https:\/\/www.chardonslorrains.com\/fr\/?s={search_term_string}\"},\"query-input\":{\"@type\":\"PropertyValueSpecification\",\"valueRequired\":true,\"valueName\":\"search_term_string\"}}],\"inLanguage\":\"fr-FR\"},{\"@type\":\"Organization\",\"@id\":\"https:\/\/www.chardonslorrains.com\/fr\/#organization\",\"name\":\"Chardons Lorrains FR\",\"url\":\"https:\/\/www.chardonslorrains.com\/fr\/\",\"logo\":{\"@type\":\"ImageObject\",\"inLanguage\":\"fr-FR\",\"@id\":\"https:\/\/www.chardonslorrains.com\/fr\/#\/schema\/logo\/image\/\",\"url\":\"https:\/\/www.chardonslorrains.com\/medias\/sites\/2\/cropped-chardonslorrains_logo_gout-anthentique.png\",\"contentUrl\":\"https:\/\/www.chardonslorrains.com\/medias\/sites\/2\/cropped-chardonslorrains_logo_gout-anthentique.png\",\"width\":2000,\"height\":280,\"caption\":\"Chardons Lorrains FR\"},\"image\":{\"@id\":\"https:\/\/www.chardonslorrains.com\/fr\/#\/schema\/logo\/image\/\"}}]}<\/script>\n<!-- \/ Yoast SEO plugin. -->","yoast_head_json":{"title":"Origine - Chardons Lorrains FR","description":"L'histoire et l'origine des chardons lorrains, la c\u00e9l\u00e8bre gourmandise chocolat\u00e9e \u00e0 la liqueur de mirabelle. A d\u00e9couvrir et \u00e0 s'offrir !","robots":{"index":"index","follow":"follow","max-snippet":"max-snippet:-1","max-image-preview":"max-image-preview:large","max-video-preview":"max-video-preview:-1"},"canonical":"https:\/\/www.chardonslorrains.com\/fr\/origine\/","og_locale":"fr_FR","og_type":"article","og_title":"Origine - Chardons Lorrains FR","og_description":"L'histoire et l'origine des chardons lorrains, la c\u00e9l\u00e8bre gourmandise chocolat\u00e9e \u00e0 la liqueur de mirabelle. A d\u00e9couvrir et \u00e0 s'offrir !","og_url":"https:\/\/www.chardonslorrains.com\/fr\/origine\/","og_site_name":"Chardons Lorrains FR","article_modified_time":"2025-08-14T21:01:04+00:00","og_image":[{"url":"https:\/\/www.chardonslorrains.com\/medias\/sites\/2\/drapeau_lorrain.png","type":"","width":"","height":""}],"twitter_card":"summary_large_image","twitter_misc":{"Dur\u00e9e de lecture estim\u00e9e":"2 minutes"},"schema":{"@context":"https:\/\/schema.org","@graph":[{"@type":"WebPage","@id":"https:\/\/www.chardonslorrains.com\/fr\/origine\/","url":"https:\/\/www.chardonslorrains.com\/fr\/origine\/","name":"Origine - Chardons Lorrains FR","isPartOf":{"@id":"https:\/\/www.chardonslorrains.com\/fr\/#website"},"primaryImageOfPage":{"@id":"https:\/\/www.chardonslorrains.com\/fr\/origine\/#primaryimage"},"image":{"@id":"https:\/\/www.chardonslorrains.com\/fr\/origine\/#primaryimage"},"thumbnailUrl":"https:\/\/www.chardonslorrains.com\/medias\/sites\/2\/drapeau_lorrain.png","datePublished":"2021-01-23T10:42:08+00:00","dateModified":"2025-08-14T21:01:04+00:00","description":"L'histoire et l'origine des chardons lorrains, la c\u00e9l\u00e8bre gourmandise chocolat\u00e9e \u00e0 la liqueur de mirabelle. A d\u00e9couvrir et \u00e0 s'offrir !","breadcrumb":{"@id":"https:\/\/www.chardonslorrains.com\/fr\/origine\/#breadcrumb"},"inLanguage":"fr-FR","potentialAction":[{"@type":"ReadAction","target":["https:\/\/www.chardonslorrains.com\/fr\/origine\/"]}]},{"@type":"ImageObject","inLanguage":"fr-FR","@id":"https:\/\/www.chardonslorrains.com\/fr\/origine\/#primaryimage","url":"https:\/\/www.chardonslorrains.com\/medias\/sites\/2\/drapeau_lorrain.png","contentUrl":"https:\/\/www.chardonslorrains.com\/medias\/sites\/2\/drapeau_lorrain.png"},{"@type":"BreadcrumbList","@id":"https:\/\/www.chardonslorrains.com\/fr\/origine\/#breadcrumb","itemListElement":[{"@type":"ListItem","position":1,"name":"Accueil","item":"https:\/\/www.chardonslorrains.com\/fr\/"},{"@type":"ListItem","position":2,"name":"Origine"}]},{"@type":"WebSite","@id":"https:\/\/www.chardonslorrains.com\/fr\/#website","url":"https:\/\/www.chardonslorrains.com\/fr\/","name":"Chardons Lorrains FR","description":"","publisher":{"@id":"https:\/\/www.chardonslorrains.com\/fr\/#organization"},"potentialAction":[{"@type":"SearchAction","target":{"@type":"EntryPoint","urlTemplate":"https:\/\/www.chardonslorrains.com\/fr\/?s={search_term_string}"},"query-input":{"@type":"PropertyValueSpecification","valueRequired":true,"valueName":"search_term_string"}}],"inLanguage":"fr-FR"},{"@type":"Organization","@id":"https:\/\/www.chardonslorrains.com\/fr\/#organization","name":"Chardons Lorrains FR","url":"https:\/\/www.chardonslorrains.com\/fr\/","logo":{"@type":"ImageObject","inLanguage":"fr-FR","@id":"https:\/\/www.chardonslorrains.com\/fr\/#\/schema\/logo\/image\/","url":"https:\/\/www.chardonslorrains.com\/medias\/sites\/2\/cropped-chardonslorrains_logo_gout-anthentique.png","contentUrl":"https:\/\/www.chardonslorrains.com\/medias\/sites\/2\/cropped-chardonslorrains_logo_gout-anthentique.png","width":2000,"height":280,"caption":"Chardons Lorrains FR"},"image":{"@id":"https:\/\/www.chardonslorrains.com\/fr\/#\/schema\/logo\/image\/"}}]}},"_links":{"self":[{"href":"https:\/\/www.chardonslorrains.com\/fr\/wp-json\/wp\/v2\/pages\/22","targetHints":{"allow":["GET"]}}],"collection":[{"href":"https:\/\/www.chardonslorrains.com\/fr\/wp-json\/wp\/v2\/pages"}],"about":[{"href":"https:\/\/www.chardonslorrains.com\/fr\/wp-json\/wp\/v2\/types\/page"}],"author":[{"embeddable":true,"href":"https:\/\/www.chardonslorrains.com\/fr\/wp-json\/wp\/v2\/users\/1"}],"replies":[{"embeddable":true,"href":"https:\/\/www.chardonslorrains.com\/fr\/wp-json\/wp\/v2\/comments?post=22"}],"version-history":[{"count":12,"href":"https:\/\/www.chardonslorrains.com\/fr\/wp-json\/wp\/v2\/pages\/22\/revisions"}],"predecessor-version":[{"id":4028,"href":"https:\/\/www.chardonslorrains.com\/fr\/wp-json\/wp\/v2\/pages\/22\/revisions\/4028"}],"wp:attachment":[{"href":"https:\/\/www.chardonslorrains.com\/fr\/wp-json\/wp\/v2\/media?parent=22"}],"curies":[{"name":"wp","href":"https:\/\/api.w.org\/{rel}","templated":true}]}}